{"id":6,"date":"2026-05-16T10:09:36","date_gmt":"2026-05-16T07:09:36","guid":{"rendered":"https:\/\/tanavalmis.fi\/?page_id=6"},"modified":"2026-05-16T10:56:03","modified_gmt":"2026-05-16T07:56:03","slug":"tana-valmis-oy","status":"publish","type":"page","link":"https:\/\/tanavalmis.fi\/","title":{"rendered":"T\u00e4na Valmis Oy"},"content":{"rendered":"\t\t<div data-elementor-type=\"wp-page\" data-elementor-id=\"6\" class=\"elementor elementor-6\">\n\t\t\t\t<div class=\"elementor-element elementor-element-3356776c e-flex e-con-boxed e-con e-parent\" data-id=\"3356776c\" data-element_type=\"container\" data-e-type=\"container\">\n\t\t\t\t\t<div class=\"e-con-inner\">\n\t\t\t\t<div class=\"elementor-element elementor-element-2e9e97bc elementor-widget elementor-widget-text-editor\" data-id=\"2e9e97bc\" data-element_type=\"widget\" data-e-type=\"widget\" data-widget_type=\"text-editor.default\">\n\t\t\t\t\t\t\t\t\t<div class=\"tana-valmis-holder\"><div class=\"tana-valmis-bg-blueprint\">\u00a0<\/div><div class=\"tana-valmis-container\"><div class=\"tana-logo-box\"><span class=\"tana-logo-tana\">T\u00c4NA<\/span><br \/><span class=\"tana-logo-valmis\">VALMIS<\/span><div class=\"tana-logo-sub\">RAKENNUS JA REMONTTIPALVELU<\/div><\/div><div class=\"tana-card\"><div class=\"tana-decor-line\">\u00a0<\/div><h1>UUDET KOTISIVUMME<br \/><span class=\"tana-highlight\">AVATAAN PIAN!<\/span><\/h1><p class=\"tana-text\">T\u00e4na Valmis Oy on parhaillaan rakentamassa uutta, entist\u00e4 parempaa verkkosivustoa palvelemaan rakennus- ja remonttitarpeitanne.<br \/>Kiitos k\u00e4rsiv\u00e4llisyydest\u00e4si!<\/p><div class=\"tana-contacts\"><h3>Ota yhteytt\u00e4:<\/h3><div class=\"tana-phone\">\ud83d\udcde +358 46 658 1239 Leonid<\/div><div class=\"tana-phone\">\ud83d\udcde +358 45 203 9011 Edgar<\/div><div class=\"tana-email\">\u2709\ufe0f valmisoy2025@gmail.com<\/div><\/div><div class=\"tana-decor-line\">\u00a0<\/div><\/div><div class=\"tana-footer\">\u00a9 2026 T\u00e4na Valmis Oy. Kaikki oikeudet pid\u00e4tet\u00e4\u00e4n.<\/div><\/div><\/div><p><style>\n\/* \u0421\u0431\u0440\u0430\u0441\u044b\u0432\u0430\u0435\u043c \u043b\u044e\u0431\u044b\u0435 \u043e\u0442\u0441\u0442\u0443\u043f\u044b \u0438 \u0441\u0442\u0430\u0432\u0438\u043c \u0436\u0435\u0441\u0442\u043a\u0438\u0439 \u0442\u0435\u043c\u043d\u043e-\u0441\u0438\u043d\u0438\u0439 \u0444\u043e\u043d *\/<br \/>\nbody, .site, #page, #content {<br \/>\n    background-color: #0b2240 !important;<br \/>\n    margin: 0 !important;<br \/>\n    padding: 0 !important;<br \/>\n}<\/p>\n<p>\/* \u0420\u0430\u0441\u0442\u044f\u0433\u0438\u0432\u0430\u0435\u043c \u0431\u043b\u043e\u043a \u0437\u0430\u0433\u043b\u0443\u0448\u043a\u0438 \u043d\u0430 \u0432\u0435\u0441\u044c \u044d\u043a\u0440\u0430\u043d *\/<br \/>\n.tana-valmis-holder {<br \/>\n    background-color: #0b2240;<br \/>\n    color: #ffffff !important;<br \/>\n    font-family: Arial, sans-serif;<br \/>\n    min-height: 100vh;<br \/>\n    display: flex;<br \/>\n    align-items: center;<br \/>\n    justify-content: center;<br \/>\n    padding: 40px 20px;<br \/>\n    box-sizing: border-box;<br \/>\n}<\/p>\n<p>\/* \u0421\u0435\u0442\u043a\u0430 \u0447\u0435\u0440\u0442\u0435\u0436\u0430 *\/<br \/>\n.tana-valmis-bg-blueprint {<br \/>\n    position: absolute;<br \/>\n    top: 0; left: 0; right: 0; bottom: 0;<br \/>\n    opacity: 0.05;<br \/>\n    background-image:<br \/>\n        linear-gradient(rgba(255,255,255,.3) 1px, transparent 1px),<br \/>\n        linear-gradient(90deg, rgba(255,255,255,.3) 1px, transparent 1px);<br \/>\n    background-size: 20px 20px;<br \/>\n    pointer-events: none;<br \/>\n}<\/p>\n<p>.tana-valmis-container {<br \/>\n    width: 100%;<br \/>\n    max-width: 450px;<br \/>\n    text-align: center;<br \/>\n    z-index: 2;<br \/>\n}<\/p>\n<p>\/* \u041b\u043e\u0433\u043e\u0442\u0438\u043f *\/<br \/>\n.tana-logo-box {<br \/>\n    margin-bottom: 25px;<br \/>\n    text-transform: uppercase;<br \/>\n}<br \/>\n.tana-logo-tana { font-size: 46px; color: #f39200; display: block; line-height: 1; font-weight: bold; }<br \/>\n.tana-logo-valmis { font-size: 52px; color: #009ee0; display: block; line-height: 0.9; font-weight: bold; }<br \/>\n.tana-logo-sub { font-size: 13px; color: #ffffff; letter-spacing: 2px; margin-top: 10px; }<\/p>\n<p>\/* \u041d\u0430\u0448\u0430 \u043a\u0430\u0440\u0442\u043e\u0447\u043a\u0430 \u0441 \u043e\u0440\u0430\u043d\u0436\u0435\u0432\u044b\u043c \u0441\u0432\u0435\u0447\u0435\u043d\u0438\u0435\u043c *\/<br \/>\n.tana-card {<br \/>\n    background-color: #06152b !important;<br \/>\n    border-radius: 12px;<br \/>\n    padding: 35px 25px;<br \/>\n    box-shadow: 0 0 40px rgba(243, 146, 0, 0.25);<br \/>\n    border: 1px solid rgba(243, 146, 0, 0.15);<br \/>\n    margin: 25px 0;<br \/>\n}<\/p>\n<p>.tana-decor-line { width: 60px; height: 4px; background-color: #f39200; margin: 0 auto; border-radius: 2px; }<br \/>\n.tana-card h1 { font-size: 22px; margin: 25px 0; color: #ffffff !important; line-height: 1.3; }<br \/>\n.tana-highlight { color: #009ee0; font-size: 26px; font-weight: bold; }<br \/>\n.tana-text { font-size: 14px; line-height: 1.6; color: #cbd5e1 !important; }<\/p>\n<p>\/* \u041a\u043e\u043d\u0442\u0430\u043a\u0442\u044b *\/<br \/>\n.tana-contacts { background-color: rgba(11, 34, 64, 0.7); border-radius: 8px; padding: 20px; text-align: left; margin-bottom: 25px; }<br \/>\n.tana-contacts h3 { margin-top: 0; color: #009ee0 !important; font-size: 14px; text-transform: uppercase; }<br \/>\n.tana-phone, .tana-email { font-size: 15px; margin-bottom: 12px; font-weight: bold; color: #ffffff !important; }<br \/>\n.tana-phone span { font-weight: normal; color: #94a3b8; font-size: 13px; margin-left: 5px; }<br \/>\n.tana-email { margin-bottom: 0; color: #f39200 !important; }<br \/>\n.tana-footer { font-size: 12px; color: #64748b; }<br \/>\n<\/style><\/p>\t\t\t\t\t\t\t\t<\/div>\n\t\t\t\t\t<\/div>\n\t\t\t\t<\/div>\n\t\t\t\t<\/div>\n\t\t","protected":false},"excerpt":{"rendered":"<p>T\u00c4NA VALMIS RAKENNUS JA REMONTTIPALVELU UUDET KOTISIVUMMEAVATAAN PIAN! T\u00e4na Valmis Oy on parhaillaan rakentamassa uutta, entist\u00e4 parempaa verkkosivustoa palvelemaan rakennus- ja remonttitarpeitanne.Kiitos k\u00e4rsiv\u00e4llisyydest\u00e4si! Ota yhteytt\u00e4: \ud83d\udcde +358 46 658 1239 Leonid \ud83d\udcde +358 45 203 9011 Edgar \u2709\ufe0f valmisoy2025@gmail.com &copy; 2026 T\u00e4na Valmis Oy. Kaikki oikeudet pid\u00e4tet\u00e4\u00e4n.<\/p>\n","protected":false},"author":1,"featured_media":0,"parent":0,"menu_order":0,"comment_status":"closed","ping_status":"closed","template":"","meta":{"footnotes":""},"class_list":["post-6","page","type-page","status-publish","hentry"],"_links":{"self":[{"href":"https:\/\/tanavalmis.fi\/index.php?rest_route=\/wp\/v2\/pages\/6","targetHints":{"allow":["GET"]}}],"collection":[{"href":"https:\/\/tanavalmis.fi\/index.php?rest_route=\/wp\/v2\/pages"}],"about":[{"href":"https:\/\/tanavalmis.fi\/index.php?rest_route=\/wp\/v2\/types\/page"}],"author":[{"embeddable":true,"href":"https:\/\/tanavalmis.fi\/index.php?rest_route=\/wp\/v2\/users\/1"}],"replies":[{"embeddable":true,"href":"https:\/\/tanavalmis.fi\/index.php?rest_route=%2Fwp%2Fv2%2Fcomments&post=6"}],"version-history":[{"count":10,"href":"https:\/\/tanavalmis.fi\/index.php?rest_route=\/wp\/v2\/pages\/6\/revisions"}],"predecessor-version":[{"id":25,"href":"https:\/\/tanavalmis.fi\/index.php?rest_route=\/wp\/v2\/pages\/6\/revisions\/25"}],"wp:attachment":[{"href":"https:\/\/tanavalmis.fi\/index.php?rest_route=%2Fwp%2Fv2%2Fmedia&parent=6"}],"curies":[{"name":"wp","href":"https:\/\/api.w.org\/{rel}","templated":true}]}}